{"id":10814,"date":"2024-08-19T09:56:39","date_gmt":"2024-08-19T09:56:39","guid":{"rendered":"https:\/\/hotelnaplazi.com\/contact\/"},"modified":"2025-07-10T09:01:29","modified_gmt":"2025-07-10T09:01:29","slug":"contact","status":"publish","type":"page","link":"https:\/\/hotelnaplazi.com\/en\/contact\/","title":{"rendered":"Contact"},"content":{"rendered":"\t\t<div data-elementor-type=\"wp-page\" data-elementor-id=\"10814\" class=\"elementor elementor-10814 elementor-111\" data-elementor-post-type=\"page\">\n\t\t\t\t<div class=\"no elementor-element elementor-element-763297a1 e-flex e-con-boxed rt-default-class e-con e-parent\" data-id=\"763297a1\" data-element_type=\"container\" data-e-type=\"container\">\n\t\t\t\t\t<div class=\"e-con-inner\">\n\t\t<div class=\"no elementor-element elementor-element-4ac437d2 e-con-full e-flex rt-default-class e-con e-child\" data-id=\"4ac437d2\" data-element_type=\"container\" data-e-type=\"container\">\n\t\t<div class=\"no elementor-element elementor-element-5821a137 e-con-full e-flex rt-default-class e-con e-child\" data-id=\"5821a137\" data-element_type=\"container\" data-e-type=\"container\">\n\t\t\t\t<div class=\"elementor-element elementor-element-18df283c elementor-invisible elementor-widget elementor-widget-heading\" data-id=\"18df283c\" data-element_type=\"widget\" data-e-type=\"widget\" data-settings=\"{&quot;_animation&quot;:&quot;fadeInUp&quot;}\" data-widget_type=\"heading.default\">\n\t\t\t\t<div class=\"elementor-widget-container\">\n\t\t\t\t\t<h6 class=\"elementor-heading-title elementor-size-default\">Contact\n<\/h6>\t\t\t\t<\/div>\n\t\t\t\t<\/div>\n\t\t\t\t<div class=\"elementor-element elementor-element-19da8f3 elementor-invisible elementor-widget elementor-widget-heading\" data-id=\"19da8f3\" data-element_type=\"widget\" data-e-type=\"widget\" data-settings=\"{&quot;_animation&quot;:&quot;fadeInUp&quot;}\" data-widget_type=\"heading.default\">\n\t\t\t\t<div class=\"elementor-widget-container\">\n\t\t\t\t\t<h2 class=\"elementor-heading-title elementor-size-default\">Get in touch with us<\/h2>\t\t\t\t<\/div>\n\t\t\t\t<\/div>\n\t\t\t\t<div class=\"elementor-element elementor-element-cb99c8e elementor-list-item-link-full_width elementor-widget elementor-widget-icon-list\" data-id=\"cb99c8e\" data-element_type=\"widget\" data-e-type=\"widget\" data-widget_type=\"icon-list.default\">\n\t\t\t\t<div class=\"elementor-widget-container\">\n\t\t\t\t\t\t\t<ul class=\"elementor-icon-list-items\">\n\t\t\t\t\t\t\t<li class=\"elementor-icon-list-item\">\n\t\t\t\t\t\t\t\t\t\t\t<a href=\"tel:420123456789\">\n\n\t\t\t\t\t\t\t\t\t\t\t\t<span class=\"elementor-icon-list-icon\">\n\t\t\t\t\t\t\t<svg aria-hidden=\"true\" class=\"e-font-icon-svg e-fas-phone-alt\" viewBox=\"0 0 512 512\" xmlns=\"http:\/\/www.w3.org\/2000\/svg\"><path d=\"M497.39 361.8l-112-48a24 24 0 0 0-28 6.9l-49.6 60.6A370.66 370.66 0 0 1 130.6 204.11l60.6-49.6a23.94 23.94 0 0 0 6.9-28l-48-112A24.16 24.16 0 0 0 122.6.61l-104 24A24 24 0 0 0 0 48c0 256.5 207.9 464 464 464a24 24 0 0 0 23.4-18.6l24-104a24.29 24.29 0 0 0-14.01-27.6z\"><\/path><\/svg>\t\t\t\t\t\t<\/span>\n\t\t\t\t\t\t\t\t\t\t<span class=\"elementor-icon-list-text\">Mobile: +420 771 519 685<\/span>\n\t\t\t\t\t\t\t\t\t\t\t<\/a>\n\t\t\t\t\t\t\t\t\t<\/li>\n\t\t\t\t\t\t\t\t<li class=\"elementor-icon-list-item\">\n\t\t\t\t\t\t\t\t\t\t\t<a href=\"mailto:info@hotelnaplazi.cz\">\n\n\t\t\t\t\t\t\t\t\t\t\t\t<span class=\"elementor-icon-list-icon\">\n\t\t\t\t\t\t\t<svg aria-hidden=\"true\" class=\"e-font-icon-svg e-fas-at\" viewBox=\"0 0 512 512\" xmlns=\"http:\/\/www.w3.org\/2000\/svg\"><path d=\"M256 8C118.941 8 8 118.919 8 256c0 137.059 110.919 248 248 248 48.154 0 95.342-14.14 135.408-40.223 12.005-7.815 14.625-24.288 5.552-35.372l-10.177-12.433c-7.671-9.371-21.179-11.667-31.373-5.129C325.92 429.757 291.314 440 256 440c-101.458 0-184-82.542-184-184S154.542 72 256 72c100.139 0 184 57.619 184 160 0 38.786-21.093 79.742-58.17 83.693-17.349-.454-16.91-12.857-13.476-30.024l23.433-121.11C394.653 149.75 383.308 136 368.225 136h-44.981a13.518 13.518 0 0 0-13.432 11.993l-.01.092c-14.697-17.901-40.448-21.775-59.971-21.775-74.58 0-137.831 62.234-137.831 151.46 0 65.303 36.785 105.87 96 105.87 26.984 0 57.369-15.637 74.991-38.333 9.522 34.104 40.613 34.103 70.71 34.103C462.609 379.41 504 307.798 504 232 504 95.653 394.023 8 256 8zm-21.68 304.43c-22.249 0-36.07-15.623-36.07-40.771 0-44.993 30.779-72.729 58.63-72.729 22.292 0 35.601 15.241 35.601 40.77 0 45.061-33.875 72.73-58.161 72.73z\"><\/path><\/svg>\t\t\t\t\t\t<\/span>\n\t\t\t\t\t\t\t\t\t\t<span class=\"elementor-icon-list-text\">E-mail: info@hotelnaplazi.cz<\/span>\n\t\t\t\t\t\t\t\t\t\t\t<\/a>\n\t\t\t\t\t\t\t\t\t<\/li>\n\t\t\t\t\t\t\t\t<li class=\"elementor-icon-list-item\">\n\t\t\t\t\t\t\t\t\t\t\t<a href=\"https:\/\/g.co\/kgs\/Pw1aEXz\">\n\n\t\t\t\t\t\t\t\t\t\t\t\t<span class=\"elementor-icon-list-icon\">\n\t\t\t\t\t\t\t<svg aria-hidden=\"true\" class=\"e-font-icon-svg e-fas-hotel\" viewBox=\"0 0 576 512\" xmlns=\"http:\/\/www.w3.org\/2000\/svg\"><path d=\"M560 64c8.84 0 16-7.16 16-16V16c0-8.84-7.16-16-16-16H16C7.16 0 0 7.16 0 16v32c0 8.84 7.16 16 16 16h15.98v384H16c-8.84 0-16 7.16-16 16v32c0 8.84 7.16 16 16 16h240v-80c0-8.8 7.2-16 16-16h32c8.8 0 16 7.2 16 16v80h240c8.84 0 16-7.16 16-16v-32c0-8.84-7.16-16-16-16h-16V64h16zm-304 44.8c0-6.4 6.4-12.8 12.8-12.8h38.4c6.4 0 12.8 6.4 12.8 12.8v38.4c0 6.4-6.4 12.8-12.8 12.8h-38.4c-6.4 0-12.8-6.4-12.8-12.8v-38.4zm0 96c0-6.4 6.4-12.8 12.8-12.8h38.4c6.4 0 12.8 6.4 12.8 12.8v38.4c0 6.4-6.4 12.8-12.8 12.8h-38.4c-6.4 0-12.8-6.4-12.8-12.8v-38.4zm-128-96c0-6.4 6.4-12.8 12.8-12.8h38.4c6.4 0 12.8 6.4 12.8 12.8v38.4c0 6.4-6.4 12.8-12.8 12.8h-38.4c-6.4 0-12.8-6.4-12.8-12.8v-38.4zM179.2 256h-38.4c-6.4 0-12.8-6.4-12.8-12.8v-38.4c0-6.4 6.4-12.8 12.8-12.8h38.4c6.4 0 12.8 6.4 12.8 12.8v38.4c0 6.4-6.4 12.8-12.8 12.8zM192 384c0-53.02 42.98-96 96-96s96 42.98 96 96H192zm256-140.8c0 6.4-6.4 12.8-12.8 12.8h-38.4c-6.4 0-12.8-6.4-12.8-12.8v-38.4c0-6.4 6.4-12.8 12.8-12.8h38.4c6.4 0 12.8 6.4 12.8 12.8v38.4zm0-96c0 6.4-6.4 12.8-12.8 12.8h-38.4c-6.4 0-12.8-6.4-12.8-12.8v-38.4c0-6.4 6.4-12.8 12.8-12.8h38.4c6.4 0 12.8 6.4 12.8 12.8v38.4z\"><\/path><\/svg>\t\t\t\t\t\t<\/span>\n\t\t\t\t\t\t\t\t\t\t<span class=\"elementor-icon-list-text\">Address:L\u00e1ze\u0148sk\u00fd vrch 119, 472 01 Doksy  <\/span>\n\t\t\t\t\t\t\t\t\t\t\t<\/a>\n\t\t\t\t\t\t\t\t\t<\/li>\n\t\t\t\t\t\t<\/ul>\n\t\t\t\t\t\t<\/div>\n\t\t\t\t<\/div>\n\t\t\t\t<\/div>\n\t\t\t\t<\/div>\n\t\t<div class=\"no elementor-element elementor-element-59f02207 e-con-full e-flex rt-default-class e-con e-child\" data-id=\"59f02207\" data-element_type=\"container\" data-e-type=\"container\">\n\t\t\t\t<div class=\"elementor-element elementor-element-7efad5e4 elementor-widget elementor-widget-image\" data-id=\"7efad5e4\" data-element_type=\"widget\" data-e-type=\"widget\" data-widget_type=\"image.default\">\n\t\t\t\t<div class=\"elementor-widget-container\">\n\t\t\t\t\t\t\t\t\t\t\t\t\t\t\t<img decoding=\"async\" src=\"https:\/\/themewant.com\/products\/wordpress\/almaris\/wp-content\/uploads\/2025\/03\/3.webp\" title=\"\" alt=\"\" loading=\"lazy\" \/>\t\t\t\t\t\t\t\t\t\t\t\t\t\t\t<\/div>\n\t\t\t\t<\/div>\n\t\t\t\t<div class=\"elementor-element elementor-element-5ad3c988 elementor-absolute elementor-hidden-mobile elementor-widget elementor-widget-image\" data-id=\"5ad3c988\" data-element_type=\"widget\" data-e-type=\"widget\" data-settings=\"{&quot;_position&quot;:&quot;absolute&quot;}\" data-widget_type=\"image.default\">\n\t\t\t\t<div class=\"elementor-widget-container\">\n\t\t\t\t\t\t\t\t\t\t\t\t\t\t\t<img decoding=\"async\" width=\"300\" height=\"62\" src=\"https:\/\/hotelnaplazi.com\/wp-content\/uploads\/2024\/09\/header-logo-colour-e1745485277663-300x62.png\" class=\"attachment-medium size-medium wp-image-7535\" alt=\"Hotel Na Pl\u00e1\u017ei logo\" srcset=\"https:\/\/hotelnaplazi.com\/wp-content\/uploads\/2024\/09\/header-logo-colour-e1745485277663-300x62.png 300w, https:\/\/hotelnaplazi.com\/wp-content\/uploads\/2024\/09\/header-logo-colour-e1745485277663-1024x210.png 1024w, https:\/\/hotelnaplazi.com\/wp-content\/uploads\/2024\/09\/header-logo-colour-e1745485277663-768x158.png 768w, https:\/\/hotelnaplazi.com\/wp-content\/uploads\/2024\/09\/header-logo-colour-e1745485277663-1536x315.png 1536w, https:\/\/hotelnaplazi.com\/wp-content\/uploads\/2024\/09\/header-logo-colour-e1745485277663-2048x420.png 2048w, https:\/\/hotelnaplazi.com\/wp-content\/uploads\/2024\/09\/header-logo-colour-e1745485277663-600x123.png 600w\" sizes=\"(max-width: 300px) 100vw, 300px\" \/>\t\t\t\t\t\t\t\t\t\t\t\t\t\t\t<\/div>\n\t\t\t\t<\/div>\n\t\t\t\t<div class=\"elementor-element elementor-element-69c6539d elementor-absolute elementor-hidden-mobile elementor-invisible elementor-widget elementor-widget-image\" data-id=\"69c6539d\" data-element_type=\"widget\" data-e-type=\"widget\" data-settings=\"{&quot;_position&quot;:&quot;absolute&quot;,&quot;_animation&quot;:&quot;scaleIn&quot;}\" data-widget_type=\"image.default\">\n\t\t\t\t<div class=\"elementor-widget-container\">\n\t\t\t\t\t\t\t\t\t\t\t\t\t\t\t<img fetchpriority=\"high\" decoding=\"async\" width=\"640\" height=\"480\" src=\"https:\/\/hotelnaplazi.com\/wp-content\/uploads\/2025\/04\/575998437.jpg\" class=\"attachment-large size-large wp-image-10747\" alt=\"\" srcset=\"https:\/\/hotelnaplazi.com\/wp-content\/uploads\/2025\/04\/575998437.jpg 1024w, https:\/\/hotelnaplazi.com\/wp-content\/uploads\/2025\/04\/575998437-300x225.jpg 300w, https:\/\/hotelnaplazi.com\/wp-content\/uploads\/2025\/04\/575998437-768x576.jpg 768w, https:\/\/hotelnaplazi.com\/wp-content\/uploads\/2025\/04\/575998437-600x450.jpg 600w\" sizes=\"(max-width: 640px) 100vw, 640px\" \/>\t\t\t\t\t\t\t\t\t\t\t\t\t\t\t<\/div>\n\t\t\t\t<\/div>\n\t\t\t\t<div class=\"elementor-element elementor-element-424199dc elementor-absolute elementor-hidden-mobile elementor-invisible elementor-widget elementor-widget-image\" data-id=\"424199dc\" data-element_type=\"widget\" data-e-type=\"widget\" data-settings=\"{&quot;_position&quot;:&quot;absolute&quot;,&quot;_animation&quot;:&quot;scaleIn&quot;}\" data-widget_type=\"image.default\">\n\t\t\t\t<div class=\"elementor-widget-container\">\n\t\t\t\t\t\t\t\t\t\t\t\t\t\t\t<img decoding=\"async\" width=\"640\" height=\"384\" src=\"https:\/\/hotelnaplazi.com\/wp-content\/uploads\/2025\/06\/benner-hotel-test-1-1024x614.webp\" class=\"attachment-large size-large wp-image-10460\" alt=\"\" srcset=\"https:\/\/hotelnaplazi.com\/wp-content\/uploads\/2025\/06\/benner-hotel-test-1-1024x614.webp 1024w, https:\/\/hotelnaplazi.com\/wp-content\/uploads\/2025\/06\/benner-hotel-test-1-300x180.webp 300w, https:\/\/hotelnaplazi.com\/wp-content\/uploads\/2025\/06\/benner-hotel-test-1-768x461.webp 768w, https:\/\/hotelnaplazi.com\/wp-content\/uploads\/2025\/06\/benner-hotel-test-1-1536x922.webp 1536w, https:\/\/hotelnaplazi.com\/wp-content\/uploads\/2025\/06\/benner-hotel-test-1-2048x1229.webp 2048w, https:\/\/hotelnaplazi.com\/wp-content\/uploads\/2025\/06\/benner-hotel-test-1-600x360.webp 600w\" sizes=\"(max-width: 640px) 100vw, 640px\" \/>\t\t\t\t\t\t\t\t\t\t\t\t\t\t\t<\/div>\n\t\t\t\t<\/div>\n\t\t\t\t<\/div>\n\t\t\t\t\t<\/div>\n\t\t\t\t<\/div>\n\t\t<div class=\"no elementor-element elementor-element-a7578c9 e-flex e-con-boxed rt-default-class e-con e-parent\" data-id=\"a7578c9\" data-element_type=\"container\" data-e-type=\"container\">\n\t\t\t\t\t<div class=\"e-con-inner\">\n\t\t\t\t<div class=\"elementor-element elementor-element-dbce9a8 elementor-widget elementor-widget-heading\" data-id=\"dbce9a8\" data-element_type=\"widget\" data-e-type=\"widget\" data-widget_type=\"heading.default\">\n\t\t\t\t<div class=\"elementor-widget-container\">\n\t\t\t\t\t<h3 class=\"elementor-heading-title elementor-size-default\">Vehicle Movement in the Beach Area:<\/h3>\t\t\t\t<\/div>\n\t\t\t\t<\/div>\n\t\t\t\t<div class=\"elementor-element elementor-element-7e5e2cf elementor-widget elementor-widget-text-editor\" data-id=\"7e5e2cf\" data-element_type=\"widget\" data-e-type=\"widget\" data-widget_type=\"text-editor.default\">\n\t\t\t\t<div class=\"elementor-widget-container\">\n\t\t\t\t\t\t\t\t\t<p data-start=\"55\" data-end=\"87\">Check-in is possible from 3:00 PM and check-out is no later than 10:00 AM.<\/p><p data-start=\"55\" data-end=\"87\">Between 10:00 AM and 3:00 PM, entry to the beach is not allowed.<\/p><p data-start=\"55\" data-end=\"87\">In the morning and evening hours (i.e., outside check-in and check-out times), entry and exit are unrestricted.<\/p><p data-start=\"55\" data-end=\"87\">You will receive the gate keys upon arrival &#8211; they are included with your accommodation. After each passage, the gate must be locked again. Thank you for your consideration towards other guests and for ensuring smooth operations in the beach area.<\/p>\t\t\t\t\t\t\t\t<\/div>\n\t\t\t\t<\/div>\n\t\t\t\t<div class=\"elementor-element elementor-element-11c5d64 elementor-widget__width-initial elementor-widget elementor-widget-google_maps\" data-id=\"11c5d64\" data-element_type=\"widget\" data-e-type=\"widget\" data-widget_type=\"google_maps.default\">\n\t\t\t\t<div class=\"elementor-widget-container\">\n\t\t\t\t\t\t\t<div class=\"elementor-custom-embed\">\n\t\t\t<iframe loading=\"lazy\"\n\t\t\t\t\tsrc=\"https:\/\/maps.google.com\/maps?q=50.585327%2C%2014.640820&#038;t=m&#038;z=16&#038;output=embed&#038;iwloc=near\"\n\t\t\t\t\ttitle=\"50.585327, 14.640820\"\n\t\t\t\t\taria-label=\"50.585327, 14.640820\"\n\t\t\t><\/iframe>\n\t\t<\/div>\n\t\t\t\t\t\t<\/div>\n\t\t\t\t<\/div>\n\t\t\t\t<div class=\"elementor-element elementor-element-1ff10e4 elementor-widget elementor-widget-image-gallery\" data-id=\"1ff10e4\" data-element_type=\"widget\" data-e-type=\"widget\" data-widget_type=\"image-gallery.default\">\n\t\t\t\t<div class=\"elementor-widget-container\">\n\t\t\t\t\t\t\t<div class=\"elementor-image-gallery\">\n\t\t\t<div id='gallery-1' class='gallery galleryid-10814 gallery-columns-3 gallery-size-1536x1536'><figure class='gallery-item'>\n\t\t\t<div class='gallery-icon landscape'>\n\t\t\t\t<a data-elementor-open-lightbox=\"yes\" data-elementor-lightbox-slideshow=\"1ff10e4\" data-elementor-lightbox-title=\"582982601\" data-e-action-hash=\"#elementor-action%3Aaction%3Dlightbox%26settings%3DeyJpZCI6MTA4MjQsInVybCI6Imh0dHBzOlwvXC9ob3RlbG5hcGxhemkuY29tXC93cC1jb250ZW50XC91cGxvYWRzXC8yMDI1XC8wNVwvNTgyOTgyNjAxLWUxNzQ2NzI3MTk4NTM1LmpwZyIsInNsaWRlc2hvdyI6IjFmZjEwZTQifQ%3D%3D\" href='https:\/\/hotelnaplazi.com\/wp-content\/uploads\/2025\/05\/582982601-e1746727198535.jpg'><img loading=\"lazy\" decoding=\"async\" width=\"705\" height=\"502\" src=\"https:\/\/hotelnaplazi.com\/wp-content\/uploads\/2025\/05\/582982601-e1746727198535.jpg\" class=\"attachment-1536x1536 size-1536x1536\" alt=\"\" srcset=\"https:\/\/hotelnaplazi.com\/wp-content\/uploads\/2025\/05\/582982601-e1746727198535.jpg 705w, https:\/\/hotelnaplazi.com\/wp-content\/uploads\/2025\/05\/582982601-e1746727198535-300x214.jpg 300w, https:\/\/hotelnaplazi.com\/wp-content\/uploads\/2025\/05\/582982601-e1746727198535-600x427.jpg 600w\" sizes=\"(max-width: 705px) 100vw, 705px\" \/><\/a>\n\t\t\t<\/div><\/figure><figure class='gallery-item'>\n\t\t\t<div class='gallery-icon landscape'>\n\t\t\t\t<a data-elementor-open-lightbox=\"yes\" data-elementor-lightbox-slideshow=\"1ff10e4\" data-elementor-lightbox-title=\"582982591\" data-e-action-hash=\"#elementor-action%3Aaction%3Dlightbox%26settings%3DeyJpZCI6MTA4MjMsInVybCI6Imh0dHBzOlwvXC9ob3RlbG5hcGxhemkuY29tXC93cC1jb250ZW50XC91cGxvYWRzXC8yMDI1XC8wNVwvNTgyOTgyNTkxLWUxNzQ2NzI3MDUwMzUyLmpwZyIsInNsaWRlc2hvdyI6IjFmZjEwZTQifQ%3D%3D\" href='https:\/\/hotelnaplazi.com\/wp-content\/uploads\/2025\/05\/582982591-e1746727050352.jpg'><img loading=\"lazy\" decoding=\"async\" width=\"705\" height=\"502\" src=\"https:\/\/hotelnaplazi.com\/wp-content\/uploads\/2025\/05\/582982591-e1746727050352.jpg\" class=\"attachment-1536x1536 size-1536x1536\" alt=\"\" srcset=\"https:\/\/hotelnaplazi.com\/wp-content\/uploads\/2025\/05\/582982591-e1746727050352.jpg 705w, https:\/\/hotelnaplazi.com\/wp-content\/uploads\/2025\/05\/582982591-e1746727050352-300x214.jpg 300w, https:\/\/hotelnaplazi.com\/wp-content\/uploads\/2025\/05\/582982591-e1746727050352-600x427.jpg 600w\" sizes=\"(max-width: 705px) 100vw, 705px\" \/><\/a>\n\t\t\t<\/div><\/figure><figure class='gallery-item'>\n\t\t\t<div class='gallery-icon landscape'>\n\t\t\t\t<a data-elementor-open-lightbox=\"yes\" data-elementor-lightbox-slideshow=\"1ff10e4\" data-elementor-lightbox-title=\"582982590\" data-e-action-hash=\"#elementor-action%3Aaction%3Dlightbox%26settings%3DeyJpZCI6MTA4MjAsInVybCI6Imh0dHBzOlwvXC9ob3RlbG5hcGxhemkuY29tXC93cC1jb250ZW50XC91cGxvYWRzXC8yMDI1XC8wNVwvNTgyOTgyNTkwLWUxNzQ2NzI2NjUwNTQyLmpwZyIsInNsaWRlc2hvdyI6IjFmZjEwZTQifQ%3D%3D\" href='https:\/\/hotelnaplazi.com\/wp-content\/uploads\/2025\/05\/582982590-e1746726650542.jpg'><img loading=\"lazy\" decoding=\"async\" width=\"705\" height=\"502\" src=\"https:\/\/hotelnaplazi.com\/wp-content\/uploads\/2025\/05\/582982590-e1746726650542.jpg\" class=\"attachment-1536x1536 size-1536x1536\" alt=\"\" srcset=\"https:\/\/hotelnaplazi.com\/wp-content\/uploads\/2025\/05\/582982590-e1746726650542.jpg 705w, https:\/\/hotelnaplazi.com\/wp-content\/uploads\/2025\/05\/582982590-e1746726650542-300x214.jpg 300w, https:\/\/hotelnaplazi.com\/wp-content\/uploads\/2025\/05\/582982590-e1746726650542-600x427.jpg 600w\" sizes=\"(max-width: 705px) 100vw, 705px\" \/><\/a>\n\t\t\t<\/div><\/figure>\n\t\t<\/div>\n\t\t<\/div>\n\t\t\t\t\t\t<\/div>\n\t\t\t\t<\/div>\n\t\t\t\t\t<\/div>\n\t\t\t\t<\/div>\n\t\t<div class=\"no elementor-element elementor-element-cd3fc20 e-flex e-con-boxed rt-default-class e-con e-parent\" data-id=\"cd3fc20\" data-element_type=\"container\" data-e-type=\"container\">\n\t\t\t\t\t<div class=\"e-con-inner\">\n\t\t<div class=\"no elementor-element elementor-element-b8b0911 e-con-full e-flex rt-default-class e-con e-child\" data-id=\"b8b0911\" data-element_type=\"container\" data-e-type=\"container\">\n\t\t\t\t<\/div>\n\t\t\t\t\t<\/div>\n\t\t\t\t<\/div>\n\t\t\t\t<\/div>\n\t\t","protected":false},"excerpt":{"rendered":"<p>Contact Get in touch with us Mobile: +420 771 519 685 E-mail: info@hotelnaplazi.cz Address:L\u00e1ze\u0148sk\u00fd vrch 119, 472 01 Doksy Vehicle Movement in the Beach Area: Check-in is possible from 3:00 PM and check-out is no later than 10:00 AM. Between 10:00 AM and 3:00 PM, entry to the beach is not allowed. In the morning&#8230;<\/p>\n","protected":false},"author":1,"featured_media":0,"parent":0,"menu_order":0,"comment_status":"closed","ping_status":"closed","template":"elementor_header_footer","meta":{"footnotes":""},"class_list":["post-10814","page","type-page","status-publish","hentry"],"meta_box":[],"_links":{"self":[{"href":"https:\/\/hotelnaplazi.com\/en\/wp-json\/wp\/v2\/pages\/10814","targetHints":{"allow":["GET"]}}],"collection":[{"href":"https:\/\/hotelnaplazi.com\/en\/wp-json\/wp\/v2\/pages"}],"about":[{"href":"https:\/\/hotelnaplazi.com\/en\/wp-json\/wp\/v2\/types\/page"}],"author":[{"embeddable":true,"href":"https:\/\/hotelnaplazi.com\/en\/wp-json\/wp\/v2\/users\/1"}],"replies":[{"embeddable":true,"href":"https:\/\/hotelnaplazi.com\/en\/wp-json\/wp\/v2\/comments?post=10814"}],"version-history":[{"count":3,"href":"https:\/\/hotelnaplazi.com\/en\/wp-json\/wp\/v2\/pages\/10814\/revisions"}],"predecessor-version":[{"id":10848,"href":"https:\/\/hotelnaplazi.com\/en\/wp-json\/wp\/v2\/pages\/10814\/revisions\/10848"}],"wp:attachment":[{"href":"https:\/\/hotelnaplazi.com\/en\/wp-json\/wp\/v2\/media?parent=10814"}],"curies":[{"name":"wp","href":"https:\/\/api.w.org\/{rel}","templated":true}]}}